{"id":18115,"date":"2020-05-10T17:37:40","date_gmt":"2020-05-10T15:37:46","guid":{"rendered":"https:\/\/www.fryderykdanielczykstore.com\/?post_type=product&#038;p=18115"},"modified":"2020-05-12T05:52:59","modified_gmt":"2020-05-12T03:52:59","slug":"armchair-type-b-8502-from-the-70s-fully-revitalised","status":"publish","type":"product","link":"https:\/\/audio.spmediadlaciebie.pl\/en\/product\/armchair-type-b-8502-from-the-70s-fully-revitalised\/","title":{"rendered":"Armchair type B-8502 from the 70s. Fully revitalised."},"content":{"rendered":"<p><strong>Armchair type B-8502 from the 70s. Fully revitalised.<\/strong><\/p>\n<p>&nbsp;<\/p>\n<p>During World War II, Radomsko was under German occupation in the territory of the General Government. The Germans first confiscated the furniture collected in the Thonet Mundus factory warehouse and then launched production for the benefit of the German army. The Mazovia factory was closed. Radomsko&#8217;s Thonet Mundus and Ksawery W\u00fcnsche and the Company operated actively until the end of World War II. In 1945, both factories were nationalized and operated as independent enterprises under the names of the Bent Furniture Factory no. 1 (former Thonet Mundus) and the No.2 Furniture Factory (former Ksawery W\u00fcnsche and Company). From January 1, 1951, the two factories were merged into one enterprise under the name Radomszcza\u0144skie Zak\u0142ady Przemys\u0142u Drzewnego. In 1959, the name of the factory was changed to the Fameg Furniture Factory. For some time (in the 1970s), the company was called Zak\u0142ady Przemys\u0142u Meblarskiego im. The People&#8217;s Guard in Radomsko, and Fameg after reprivatization in the 90&#8217;s.<\/p>\n<p>The chair has been completely disassembled, the wood was cleaned of old paint coatings, glued again, protected with oil based on natural Chinese oils, environmentally friendly. Beech wood. New upholstery, upholstery foam, belts, padding. Hand-sewn. Good quality fabric, abrasion resistance 30,000 strokes. New metal screws. If you want to relax in a comfortable armchair after your hard day at work, this is the best choice for you. It combines nice look with a great comfort.<\/p>\n<p>The legs of the armchair are &#8220;dressed&#8221; in warm, cotton socks.<\/p>\n<p>&nbsp;<\/p>\n<p><strong>TECHNICAL CHARACTERISTICS:<\/strong><\/p>\n<p>&#8211; height: 72 cm<br \/>\n&#8211; width: 61 cm<br \/>\n&#8211; seat width: 51 cm<br \/>\n&#8211; seat depth: 55 cm<br \/>\n&#8211; seat height: 40 cm<br \/>\n&#8211; produced in: 70s<\/p>\n","protected":false},"excerpt":{"rendered":"<h5>Armchair type B-8502 from the 70s.<br \/>\nFully revitalised.<br \/>\nFully revitalized. Made in the Swarz\u0119dz Furniture Factories, 1960s.<\/h5>\n","protected":false},"featured_media":18145,"template":"","meta":{"_exactmetrics_skip_tracking":false,"_exactmetrics_sitenote_active":false,"_exactmetrics_sitenote_note":"","_exactmetrics_sitenote_category":0},"product_cat":[223],"product_tag":[241,257,258,256,232,238,244,242,270],"aioseo_notices":[],"_links":{"self":[{"href":"https:\/\/audio.spmediadlaciebie.pl\/en\/wp-json\/wp\/v2\/product\/18115"}],"collection":[{"href":"https:\/\/audio.spmediadlaciebie.pl\/en\/wp-json\/wp\/v2\/product"}],"about":[{"href":"https:\/\/audio.spmediadlaciebie.pl\/en\/wp-json\/wp\/v2\/types\/product"}],"wp:featuredmedia":[{"embeddable":true,"href":"https:\/\/audio.spmediadlaciebie.pl\/en\/wp-json\/wp\/v2\/media\/18145"}],"wp:attachment":[{"href":"https:\/\/audio.spmediadlaciebie.pl\/en\/wp-json\/wp\/v2\/media?parent=18115"}],"wp:term":[{"taxonomy":"product_cat","embeddable":true,"href":"https:\/\/audio.spmediadlaciebie.pl\/en\/wp-json\/wp\/v2\/product_cat?post=18115"},{"taxonomy":"product_tag","embeddable":true,"href":"https:\/\/audio.spmediadlaciebie.pl\/en\/wp-json\/wp\/v2\/product_tag?post=18115"}],"curies":[{"name":"wp","href":"https:\/\/api.w.org\/{rel}","templated":true}]}}