{"id":28714,"date":"2022-01-23T11:07:14","date_gmt":"2022-01-23T10:07:15","guid":{"rendered":"https:\/\/www.fryderykdanielczykstore.com\/?post_type=product&#038;p=28714"},"modified":"2022-01-23T11:40:13","modified_gmt":"2022-01-23T10:40:13","slug":"audio-table-fully-revitalized","status":"publish","type":"product","link":"https:\/\/audio.spmediadlaciebie.pl\/en\/product\/audio-table-fully-revitalized\/","title":{"rendered":"Audio table fully revitalized."},"content":{"rendered":"<p><strong>Audio table fully revitalized.<\/strong><\/p>\n<p>&nbsp;<\/p>\n<p>Audio table fully revitalized. &#8220;S\u0142awa&#8221; Metal Haberdashery Worker Cooperative<\/p>\n<p>&#8220;S\u0142awa&#8221; Metal Haberdashery Worker Cooperative was established in the 1940s and was located in a tenement house at 33 Tuwima Street, in \u0141\u00f3d\u017a, where a branch of the Municipal Social Assistance Center would be opened soon after the revitalization. The cooperative was part of the \u0141\u00f3d\u017a Union of Worker Cooperatives (\u0141ZSP) located in an office building from the 1960s at 94 Piotrkowska Street, which is currently being turned into a hotel. &#8220;S\u0142awa&#8221; was directly supervized by The Metal and Wood Production Unit at \u0141ZSP.<\/p>\n<p>The table has been stripped of old varnish coatings. Veneered with american cherry wood. Secured with environmentally friendly oil produced from natural Chinese oils. Waxed tops, water resistant. Metal elements for assembling the furniture were sandblasted and painted with powder paint.<\/p>\n<p>&nbsp;<\/p>\n<p><strong>Technical data:<\/strong><\/p>\n<p>&#8211; height &#8211; 80 cm<br \/>\n&#8211; top width &#8211; 40 cm<br \/>\n&#8211; top length &#8211; 64 cm<br \/>\n&#8211; bottom shelf width &#8211; 40 cm<br \/>\n&#8211; bottom shelf length &#8211; 64 cm<\/p>\n","protected":false},"excerpt":{"rendered":"<h5>Audio table fully revitalized.<br \/>\n&#8220;S\u0142awa&#8221; Metal Haberdashery Worker Cooperative<\/h5>\n","protected":false},"featured_media":28718,"template":"","meta":{"_exactmetrics_skip_tracking":false,"_exactmetrics_sitenote_active":false,"_exactmetrics_sitenote_note":"","_exactmetrics_sitenote_category":0},"product_cat":[227,226],"product_tag":[285,287,886,258,232,290,887,234,270],"aioseo_notices":[],"_links":{"self":[{"href":"https:\/\/audio.spmediadlaciebie.pl\/en\/wp-json\/wp\/v2\/product\/28714"}],"collection":[{"href":"https:\/\/audio.spmediadlaciebie.pl\/en\/wp-json\/wp\/v2\/product"}],"about":[{"href":"https:\/\/audio.spmediadlaciebie.pl\/en\/wp-json\/wp\/v2\/types\/product"}],"wp:featuredmedia":[{"embeddable":true,"href":"https:\/\/audio.spmediadlaciebie.pl\/en\/wp-json\/wp\/v2\/media\/28718"}],"wp:attachment":[{"href":"https:\/\/audio.spmediadlaciebie.pl\/en\/wp-json\/wp\/v2\/media?parent=28714"}],"wp:term":[{"taxonomy":"product_cat","embeddable":true,"href":"https:\/\/audio.spmediadlaciebie.pl\/en\/wp-json\/wp\/v2\/product_cat?post=28714"},{"taxonomy":"product_tag","embeddable":true,"href":"https:\/\/audio.spmediadlaciebie.pl\/en\/wp-json\/wp\/v2\/product_tag?post=28714"}],"curies":[{"name":"wp","href":"https:\/\/api.w.org\/{rel}","templated":true}]}}