{"id":28730,"date":"2022-01-23T11:17:41","date_gmt":"2022-01-23T10:17:42","guid":{"rendered":"https:\/\/www.fryderykdanielczykstore.com\/?post_type=product&#038;p=28730"},"modified":"2022-01-23T12:01:12","modified_gmt":"2022-01-23T11:01:12","slug":"tulip-tv-table-audio-fully-revitalized","status":"publish","type":"product","link":"https:\/\/audio.spmediadlaciebie.pl\/en\/product\/tulip-tv-table-audio-fully-revitalized\/","title":{"rendered":"&#8216;Tulip&#8217; TV table. Audio. Fully revitalized."},"content":{"rendered":"<p><strong>&#8216;Tulip&#8217; TV table. Audio. Fully revitalized.<\/strong><\/p>\n<p>&nbsp;<\/p>\n<p>&#8220;Tulip&#8221; TV table from the 1960s. Fully revitalized.<br \/>\nSupply and Sales Cooperative in Piotrk\u00f3w Trybunalski<\/p>\n<p>In 1947, the Cooperative of Members of Textile Crafts Guilds was established in Piotrk\u00f3w Trybunalski, operating in the poviats of Piotrk\u00f3w and Radomsko, and from 1956 also of Be\u0142chat\u00f3w. The cooperative&#8217;s activity focused on organizing production, accepting orders, supplying members with raw materials and jointly selling goods.<\/p>\n<p>In the 1950s, the organization&#8217;s name was changed to: Various Crafts Cooperative in Piotrk\u00f3w Trybunalski, later to Craft Cooperative in Piotrk\u00f3w Trybunalski and finally to Craft Cooperative of Supply and Sales in Piotrk\u00f3w Trybunalski. At the same time, the organization&#8217;s area of activity was extended to cover the whole of Poland.<\/p>\n<p>In 1973, a new statute was adopted and from that time until its closing in 1996 the cooperative operated under the name Various Crafts Cooperative in Piotrk\u00f3w Trybunalski. A year later, all the organization&#8217;s assets were transferred to the Various Crafts Guild in Piotrk\u00f3w Trybunalski.<\/p>\n<p>The table has been completely stripped of old varnish coatings. Veneered with Sukupira wood. Secured with environmentally friendly oil produced from natural Chinese oils. Waxed tops, water resistant. Metal elements for assembling the furniture were sandblasted and painted with powder paint.<\/p>\n<p>&nbsp;<\/p>\n<p><strong>Technical data:<\/strong><\/p>\n<p>&#8211; height &#8211; 77 cm<br \/>\n&#8211; top width &#8211; 46 cm<br \/>\n&#8211; top length &#8211; 70 cm<br \/>\n&#8211; width of the lower shelf &#8211; 44 cm<br \/>\n&#8211; length of the lower shelf &#8211; 55 cm<\/p>\n","protected":false},"excerpt":{"rendered":"<h5>&#8216;Tulip&#8217; TV table. Audio. Fully revitalized.<br \/>\nSupply and Sales Cooperative in Piotrk\u00f3w Trybunalski<\/h5>\n","protected":false},"featured_media":28734,"template":"","meta":{"_exactmetrics_skip_tracking":false,"_exactmetrics_sitenote_active":false,"_exactmetrics_sitenote_note":"","_exactmetrics_sitenote_category":0},"product_cat":[227,226],"product_tag":[285,287,886,258,232,290,887,234,270],"aioseo_notices":[],"_links":{"self":[{"href":"https:\/\/audio.spmediadlaciebie.pl\/en\/wp-json\/wp\/v2\/product\/28730"}],"collection":[{"href":"https:\/\/audio.spmediadlaciebie.pl\/en\/wp-json\/wp\/v2\/product"}],"about":[{"href":"https:\/\/audio.spmediadlaciebie.pl\/en\/wp-json\/wp\/v2\/types\/product"}],"wp:featuredmedia":[{"embeddable":true,"href":"https:\/\/audio.spmediadlaciebie.pl\/en\/wp-json\/wp\/v2\/media\/28734"}],"wp:attachment":[{"href":"https:\/\/audio.spmediadlaciebie.pl\/en\/wp-json\/wp\/v2\/media?parent=28730"}],"wp:term":[{"taxonomy":"product_cat","embeddable":true,"href":"https:\/\/audio.spmediadlaciebie.pl\/en\/wp-json\/wp\/v2\/product_cat?post=28730"},{"taxonomy":"product_tag","embeddable":true,"href":"https:\/\/audio.spmediadlaciebie.pl\/en\/wp-json\/wp\/v2\/product_tag?post=28730"}],"curies":[{"name":"wp","href":"https:\/\/api.w.org\/{rel}","templated":true}]}}