{"id":4893,"date":"2016-12-22T22:37:09","date_gmt":"2016-12-22T21:37:09","guid":{"rendered":"http:\/\/www.fryderykdanielczykstore.com\/product\/armchair-from-the-polish-peoples-republic-era-model-300-137b-designed-by-mieczyslaw-puchala\/"},"modified":"2019-12-23T12:54:42","modified_gmt":"2019-12-23T11:54:42","slug":"armchair-from-the-polish-peoples-republic-era-model-300-137b-designed-by-mieczyslaw-puchala","status":"publish","type":"product","link":"https:\/\/audio.spmediadlaciebie.pl\/en\/product\/armchair-from-the-polish-peoples-republic-era-model-300-137b-designed-by-mieczyslaw-puchala\/","title":{"rendered":"Armchair from the Polish People&#8217;s Republic era, model 300-137b, designed by Mieczys\u0142aw Pucha\u0142a."},"content":{"rendered":"<p>Armchair from the Polish People&#8217;s Republic era, model 300-137b, designed by Mieczys\u0142aw Pucha\u0142a. Fully revitalised.<br \/>\nManufactured at <em>Bystrzyckie Zak\u0142ady Meblowe<\/em> in the 1950s.<\/p>\n<p>The history of the furniture factory in \u015awidnica is troubled and closely linked not only to the town history but also to the country&#8217;s economic history. The sawmill which operated in town even before WWII constitutes the cornerstone for the post war timber industry in \u015awidnica. They were among others the toy and sports equipment factory on Butsrzycka Street, the furniture factory on ul. Boles\u0142awa Chrobrego, furnirute factory on ul. Kliczkowska (before WWII Carl Wolff was its owner, after WWI he took over the buildings from Schlag &amp; S\u00f6hne).<\/p>\n<p>The 300-123 armchair model was designed by <em>Mieczys\u0142aw Pucha\u0142a<\/em> in the 1950s and manufactured at <em>Bystrzyckie Zak\u0142ady Meblowe<\/em>. It was created in the same year as type 366 designed by <em>Chierowski<\/em> but is was not as popular.<\/p>\n<p>Made of beech. The armchair has been disassembled, the old coats of varnish fully removed, the armchair has then been glued together again, treated with Chinese natural and eco-friendly oil. \u00a0New upholstery, foam, webbing, and interfacing. High quality fabric, durable, able to withstand 20 000 double rubs. Hand sewn. Internal scaffolding has been sanded down thoroughly and coated with a protective layer. Cult armchair model from the Polish People&#8217;s Republic era.<\/p>\n<p>&nbsp;<\/p>\n<p>PRODUCT INFORMATION:<\/p>\n<p>height: 84 cm<br \/>\nwidth: 45 cm<br \/>\ndepth: 43 cm<br \/>\nheight of seat: 46 cm<br \/>\nmanufactured in: 1960s\/1970s<\/p>\n","protected":false},"excerpt":{"rendered":"<h5>Armchair from the Polish People&#8217;s Republic era, model 300-137b, designed by Mieczys\u0142aw Pucha\u0142a. Fully revitalised.<br \/>\nManufactured at <em>Bystrzyckie Zak\u0142ady Meblowe<\/em> in the 1950s.<br \/>\n<strong><br \/>\n<\/strong>One item available in this colour.<br \/>\nDifferent upholstery available.<br \/>\nWhen different upholstery chosen, it takes two weeks for the order to be processed.<\/h5>\n","protected":false},"featured_media":4449,"template":"","meta":{"_exactmetrics_skip_tracking":false,"_exactmetrics_sitenote_active":false,"_exactmetrics_sitenote_note":"","_exactmetrics_sitenote_category":0},"product_cat":[223,224],"product_tag":[245,249,567,257,258,238,233,270],"aioseo_notices":[],"_links":{"self":[{"href":"https:\/\/audio.spmediadlaciebie.pl\/en\/wp-json\/wp\/v2\/product\/4893"}],"collection":[{"href":"https:\/\/audio.spmediadlaciebie.pl\/en\/wp-json\/wp\/v2\/product"}],"about":[{"href":"https:\/\/audio.spmediadlaciebie.pl\/en\/wp-json\/wp\/v2\/types\/product"}],"wp:featuredmedia":[{"embeddable":true,"href":"https:\/\/audio.spmediadlaciebie.pl\/en\/wp-json\/wp\/v2\/media\/4449"}],"wp:attachment":[{"href":"https:\/\/audio.spmediadlaciebie.pl\/en\/wp-json\/wp\/v2\/media?parent=4893"}],"wp:term":[{"taxonomy":"product_cat","embeddable":true,"href":"https:\/\/audio.spmediadlaciebie.pl\/en\/wp-json\/wp\/v2\/product_cat?post=4893"},{"taxonomy":"product_tag","embeddable":true,"href":"https:\/\/audio.spmediadlaciebie.pl\/en\/wp-json\/wp\/v2\/product_tag?post=4893"}],"curies":[{"name":"wp","href":"https:\/\/api.w.org\/{rel}","templated":true}]}}