{"id":4897,"date":"2016-12-22T16:37:20","date_gmt":"2016-12-22T15:37:20","guid":{"rendered":"http:\/\/www.fryderykdanielczykstore.com\/product\/armchair-aga-prl-designed-by-prof-jozef-chierowski-2\/"},"modified":"2019-12-23T12:54:55","modified_gmt":"2019-12-23T11:54:55","slug":"armchair-aga-prl-designed-by-prof-jozef-chierowski-2","status":"publish","type":"product","link":"https:\/\/audio.spmediadlaciebie.pl\/en\/product\/armchair-aga-prl-designed-by-prof-jozef-chierowski-2\/","title":{"rendered":"Armchair AGA PRL designed by prof. J\u00f3zef Chierowski."},"content":{"rendered":"<p>Armchair AGA PRL designed by prof. <em>J\u00f3zef Chierowski<\/em>. Fully revitalised.<br \/>\nManufactured in <em>Starachowickie Zak\u0142ady Przemys\u0142u Drzewnego<\/em> in\u00a0Radomsko in the 1960s\/1970s.<\/p>\n<p>During WWII Radomsko was under the German occupation within the General Government. First, the Germans have confiscated all the furniture stored in the <em>Thonet \u00a0Mundus<\/em> factory warehouses, then they commenced production for the benefit of the German army. Mazovia factory was shut down. <em>Thonet \u00a0Mundus<\/em> and <em>Ksawery W\u00fcnsche i Sp\u00f3\u0142ka<\/em> were active until the end of WWII. In 1945 both factories were nationalised and functioned as separate companies called <em>Fabryka Mebli Gi\u0119tych Nr<\/em> 1 formerly known as <em>Thonet Mundus<\/em> and <em>Fabryka Mebli Gi\u0119tych Nr 2<\/em> formerly know as <em>Ksawery W\u00fcnsche i Sp\u00f3\u0142ka<\/em>. On 1st January 1951 the two factiories merged into a company called <em>Radomszcza\u0144skie Zak\u0142ady Przemys\u0142u Drzewnego<\/em>. In 1959 the factory&#8217;s name was changed to <em>Zak\u0142ady Mebli Gi\u0119tych Fameg<\/em>.<\/p>\n<p>The AGA PRL armchair is one of the most popular models as far as post war domestic design is concerned. It was designed by <em>prof. J\u00f3zef Chierowski<\/em>. It was mass produced in the 1960s and 1970s in order to meet the need for small furniture which could fit into small flats of that era. As it turns out, it&#8217;s still on trend, but with a slight modern twist. It&#8217;s a universal model with a beautiful LINE and unusual legs.<\/p>\n<p>The armchair has been disassembled, the old coats of varnish fully removed, the armchair has then been glued together again, treated with Chinese natural and eco-friendly oil. Beech. New upholstery, foam, webbing, interfacing. Hand sewn. High quality fabric, durable, able to withstand 20 000 double rubs. New metal screws. Internal scaffolding has been sanded down thoroughly and coated with a protective layer. Cult armchair model from the Polish People&#8217;s Republic (PRL) era.<\/p>\n<p>&nbsp;<\/p>\n<p>PRODUCT INFORMATION:<\/p>\n<p>height: 76 cm<br \/>\nwidth: 45 cm<br \/>\ndepth: 38 cm<br \/>\nheight of seat: \u00a046 cm<br \/>\nmanufactured in: 1960s\/1970s<\/p>\n","protected":false},"excerpt":{"rendered":"<div>\n<h5>Armchair AGA PRL designed by prof. <em>J\u00f3zef Chierowski<\/em>. Fully revitalised. Manufactured in <em>Starachowickie Zak\u0142ady Przemys\u0142u Drzewnego<\/em> in\u00a0Radomsko in the 1960s\/1970s.<\/h5>\n<h5>One item available in this colour<br \/>\nDifferent upholstery available.<br \/>\nWhen different upholstery chosen, it takes two weeks for the order to be processed.<\/h5>\n<\/div>\n","protected":false},"featured_media":4422,"template":"","meta":{"_exactmetrics_skip_tracking":false,"_exactmetrics_sitenote_active":false,"_exactmetrics_sitenote_note":"","_exactmetrics_sitenote_category":0},"product_cat":[223,224],"product_tag":[564,565,566,245,249,231,568,257,258,238,270],"aioseo_notices":[],"_links":{"self":[{"href":"https:\/\/audio.spmediadlaciebie.pl\/en\/wp-json\/wp\/v2\/product\/4897"}],"collection":[{"href":"https:\/\/audio.spmediadlaciebie.pl\/en\/wp-json\/wp\/v2\/product"}],"about":[{"href":"https:\/\/audio.spmediadlaciebie.pl\/en\/wp-json\/wp\/v2\/types\/product"}],"wp:featuredmedia":[{"embeddable":true,"href":"https:\/\/audio.spmediadlaciebie.pl\/en\/wp-json\/wp\/v2\/media\/4422"}],"wp:attachment":[{"href":"https:\/\/audio.spmediadlaciebie.pl\/en\/wp-json\/wp\/v2\/media?parent=4897"}],"wp:term":[{"taxonomy":"product_cat","embeddable":true,"href":"https:\/\/audio.spmediadlaciebie.pl\/en\/wp-json\/wp\/v2\/product_cat?post=4897"},{"taxonomy":"product_tag","embeddable":true,"href":"https:\/\/audio.spmediadlaciebie.pl\/en\/wp-json\/wp\/v2\/product_tag?post=4897"}],"curies":[{"name":"wp","href":"https:\/\/api.w.org\/{rel}","templated":true}]}}