{"id":4903,"date":"2016-12-23T00:19:39","date_gmt":"2016-12-22T23:19:39","guid":{"rendered":"http:\/\/www.fryderykdanielczykstore.com\/product\/chair-from-the-polish-peoples-republic-era-model-7556\/"},"modified":"2017-05-15T15:53:03","modified_gmt":"2017-05-15T13:53:03","slug":"chair-from-the-polish-peoples-republic-era-model-7556","status":"publish","type":"product","link":"https:\/\/audio.spmediadlaciebie.pl\/en\/product\/chair-from-the-polish-peoples-republic-era-model-7556\/","title":{"rendered":"Chair from the Polish People?s Republic era, model 7556."},"content":{"rendered":"<p>Chair from the Polish People&#8217;s Republic era, model 7556.<br \/>\nManufactured in Starachowickie Zak\u0142ady Przemys\u0142u Drzewnego in\u00a0Radomsko in the 1960s\/1970s. Fully revitalised.<\/p>\n<p>During WWII Radomsko was under the German occupation within the General Government. First, the Germans have confiscated all the furniture stored in the Thonet \u00a0Mundus factory warehouses, then they commenced production for the benefit of the German army. Mazovia factory was shut down. Thonet \u00a0Mundus and Ksawery W\u00fcnsche i Sp\u00f3\u0142ka were active until the end of WWII. In 1945 both factories were nationalised and functioned as separate companies called Fabryka Mebli Gi\u0119tych Nr 1 formerly known as Thonet Mundus and Fabryka Mebli Gi\u0119tych Nr 2 formerly known as Ksawery W\u00fcnsche i Sp\u00f3\u0142ka. On 1st January 1951 the two factories merged into a company called Radomszcza\u0144skie Zak\u0142ady Przemys\u0142u Drzewnego. In 1959 the factory?s name was changed to Zak\u0142ady Mebli Gi\u0119tych Fameg.<\/p>\n<p>Chair from the Polish People&#8217;s Republic era, model 7556.\u00a0 Fully revitalised. It has been disassembled, the armchair has then been glued together again, treated with Chinese natural and eco-friendly oil Beech. \u00a0New upholstery, foam and seat. Original metal screws which have been polished.<\/p>\n<p>PRODUCT INFORMATION:<\/p>\n<p>height: 82 cm<br \/>\nwidth: 38 cm<br \/>\ndepth: 40 cm<br \/>\nheight of seat: 45 cm<\/p>\n","protected":false},"excerpt":{"rendered":"<h5>Chair from the Polish People&#8217;s Republic era, model 7556.<br \/>\nManufactured in Starachowickie Zak\u0142ady Przemys\u0142u Drzewnego in\u00a0Radomsko in the 1960s\/1970s. Fully revitalised.<\/h5>\n<h5>One item available in this colour<br \/>\nDifferent upholstery available.<br \/>\nWhen different upholstery chosen, it takes two weeks for the order to be processed.<\/h5>\n","protected":false},"featured_media":4473,"template":"","meta":{"_exactmetrics_skip_tracking":false,"_exactmetrics_sitenote_active":false,"_exactmetrics_sitenote_note":"","_exactmetrics_sitenote_category":0},"product_cat":[224],"product_tag":[245,251,249,257,258,238,270],"aioseo_notices":[],"_links":{"self":[{"href":"https:\/\/audio.spmediadlaciebie.pl\/en\/wp-json\/wp\/v2\/product\/4903"}],"collection":[{"href":"https:\/\/audio.spmediadlaciebie.pl\/en\/wp-json\/wp\/v2\/product"}],"about":[{"href":"https:\/\/audio.spmediadlaciebie.pl\/en\/wp-json\/wp\/v2\/types\/product"}],"wp:featuredmedia":[{"embeddable":true,"href":"https:\/\/audio.spmediadlaciebie.pl\/en\/wp-json\/wp\/v2\/media\/4473"}],"wp:attachment":[{"href":"https:\/\/audio.spmediadlaciebie.pl\/en\/wp-json\/wp\/v2\/media?parent=4903"}],"wp:term":[{"taxonomy":"product_cat","embeddable":true,"href":"https:\/\/audio.spmediadlaciebie.pl\/en\/wp-json\/wp\/v2\/product_cat?post=4903"},{"taxonomy":"product_tag","embeddable":true,"href":"https:\/\/audio.spmediadlaciebie.pl\/en\/wp-json\/wp\/v2\/product_tag?post=4903"}],"curies":[{"name":"wp","href":"https:\/\/api.w.org\/{rel}","templated":true}]}}