{"id":4907,"date":"2016-12-29T18:22:39","date_gmt":"2016-12-29T17:22:39","guid":{"rendered":"http:\/\/www.fryderykdanielczykstore.com\/product\/industrial-lamp-prl-ozz-1-manufactured-in-the-infamous-warsaw-lamp-factory-a-marciniak\/"},"modified":"2019-12-23T12:29:16","modified_gmt":"2019-12-23T11:29:16","slug":"industrial-lamp-prl-ozz-1-manufactured-in-the-infamous-warsaw-lamp-factory-a-marciniak","status":"publish","type":"product","link":"https:\/\/audio.spmediadlaciebie.pl\/en\/product\/industrial-lamp-prl-ozz-1-manufactured-in-the-infamous-warsaw-lamp-factory-a-marciniak\/","title":{"rendered":"Industrial lamp PRL OZ\u017c-1 manufactured in the infamous Warsaw lamp factory A. Marciniak."},"content":{"rendered":"<p>Industrial lamp PRL OZ\u017c-1 manufactured in the infamous Warsaw lamp factory <em>A. Marciniak<\/em>.<br \/>\nTwo items available in the same colour.<\/p>\n<p>The OZ\u017c-1 frame is a pre-war streetlight fitting manufactured in the the infamous Warsaw lamp factory <em>A. Marciniak<\/em>. It is the prototype of the OZ\u017c fitting manufactured in Polish People?s Republic by <em>Zjednoczenie Przemys\u0142u O\u015bwietleniowego i Elektroinstalacyjnego.<\/em> \u00a0The lamps were used solely as lighting in one of the halls at the Powi\u015ble power station which was opened in Warsaw in 1904. The body of the lamp is a cast made made of cast iron. The reflector is made of steel sheet originally coated with enamel. The lamp has been sanded down and then powder coated with black and white. The original screws and other joining elements have been cleaned and refitted. The set is complete with 30 cm of steel chain, cable, metal hook and a LEXMAN halogen 70 W bulb compared to a conventional 100 W bulb. Warm yellow light 2800K. Ready to be fitted. dimmable<\/p>\n<p>PRODUCT INFORMATION:<br \/>\nheight: 29 cm<br \/>\ndiameter: 41 cm<br \/>\nmanufactured in: 1930<\/p>\n","protected":false},"excerpt":{"rendered":"<h5>Industrial lamp PRL OZ\u017c-1 manufactured in the infamous Warsaw lamp factory <em>A. Marciniak<\/em>.<br \/>\nTwo items available in the same colour.<\/h5>\n","protected":false},"featured_media":4612,"template":"","meta":{"_exactmetrics_skip_tracking":false,"_exactmetrics_sitenote_active":false,"_exactmetrics_sitenote_note":"","_exactmetrics_sitenote_category":0},"product_cat":[222,225],"product_tag":[236,258,254,252,253,250],"aioseo_notices":[],"_links":{"self":[{"href":"https:\/\/audio.spmediadlaciebie.pl\/en\/wp-json\/wp\/v2\/product\/4907"}],"collection":[{"href":"https:\/\/audio.spmediadlaciebie.pl\/en\/wp-json\/wp\/v2\/product"}],"about":[{"href":"https:\/\/audio.spmediadlaciebie.pl\/en\/wp-json\/wp\/v2\/types\/product"}],"wp:featuredmedia":[{"embeddable":true,"href":"https:\/\/audio.spmediadlaciebie.pl\/en\/wp-json\/wp\/v2\/media\/4612"}],"wp:attachment":[{"href":"https:\/\/audio.spmediadlaciebie.pl\/en\/wp-json\/wp\/v2\/media?parent=4907"}],"wp:term":[{"taxonomy":"product_cat","embeddable":true,"href":"https:\/\/audio.spmediadlaciebie.pl\/en\/wp-json\/wp\/v2\/product_cat?post=4907"},{"taxonomy":"product_tag","embeddable":true,"href":"https:\/\/audio.spmediadlaciebie.pl\/en\/wp-json\/wp\/v2\/product_tag?post=4907"}],"curies":[{"name":"wp","href":"https:\/\/api.w.org\/{rel}","templated":true}]}}