{"id":4914,"date":"2016-12-22T23:42:14","date_gmt":"2016-12-22T22:42:14","guid":{"rendered":"http:\/\/www.fryderykdanielczykstore.com\/product\/prl-tv-cabinet-rtv-w-465n-i3\/"},"modified":"2016-12-22T23:42:14","modified_gmt":"2016-12-22T22:42:14","slug":"prl-tv-cabinet-rtv-w-465n-i3","status":"publish","type":"product","link":"https:\/\/audio.spmediadlaciebie.pl\/en\/product\/prl-tv-cabinet-rtv-w-465n-i3\/","title":{"rendered":"PRL TV cabinet, RTV W-465\/N-I\/3."},"content":{"rendered":"<p>PRL TV cabinet, RTV W-465\/N-I\/3.<br \/>\nManufactured in <em>Wyszkowska Fabryka Mebli i Urz\u0105dzania Wn\u0119trz<\/em> in Wyszk\u00f3w.<\/p>\n<p>This is what Alicja Matynia wrote about <em>Wyszkowska Fabryka Mebli<\/em> in <em>Tygodnik Polski<\/em> issued in Paris.<\/p>\n<p>Wyszk\u00f3w furniture is extremely practical. It is composed of parts which can be assembled in many different ways as required. The factory has its own team of designers lead by engineer M. Pluci\u0144ski who constantly introduces new construction ideas into the manufacturing process. Awards won at the Pozna\u0144 fair have established the quality of the products and made Wyszk\u00f3w, which has not been renown for either furniture making or carpentry, famous. Everything can be learnt with a bit of practice! The changes occurring in Wyszk\u00f3w resemble a chain reaction. The factory was established. It needed infrastructure. Around 700 employees were needed. Local workers applied but they were unqualified so a vocational school has been set up which later became Basic Vocational School. Buildings to accommodate workshops, classrooms and halls of residence were built. Also a technical school of woodwork has been established. Having studied for 5 years the first graduates would leave school, qualifications in hands. Curiously, half of the students in vocational schools were women.<\/p>\n<p>TV cabinet RTV W-465\/N-I\/3 fully revitalised. The old varnish coats have been fully removed. It has been covered with mahogany veneer, legs made of beech. Treated with Chinese natural and eco-friendly oil. The back of the cabinet is made of MDF.<\/p>\n<p>&nbsp;<\/p>\n<p>PRODUCT INFORMATION:<\/p>\n<p>height: 74 cm<br \/>\nwidth: 43 cm<br \/>\nlength: 60 cm<br \/>\nmanufactured in: 1960s\/1970s<\/p>\n","protected":false},"excerpt":{"rendered":"<h5>PRL TV cabinet, RTV W-465\/N-I\/3.<br \/>\nManufactured in <em>Wyszkowska Fabryka Mebli i Urz\u0105dzania Wn\u0119trz<\/em> in Wyszk\u00f3w.<\/h5>\n","protected":false},"featured_media":4467,"template":"","meta":{"_exactmetrics_skip_tracking":false,"_exactmetrics_sitenote_active":false,"_exactmetrics_sitenote_note":"","_exactmetrics_sitenote_category":0},"product_cat":[227],"product_tag":[285,259,257,258,284,283,270],"aioseo_notices":[],"_links":{"self":[{"href":"https:\/\/audio.spmediadlaciebie.pl\/en\/wp-json\/wp\/v2\/product\/4914"}],"collection":[{"href":"https:\/\/audio.spmediadlaciebie.pl\/en\/wp-json\/wp\/v2\/product"}],"about":[{"href":"https:\/\/audio.spmediadlaciebie.pl\/en\/wp-json\/wp\/v2\/types\/product"}],"wp:featuredmedia":[{"embeddable":true,"href":"https:\/\/audio.spmediadlaciebie.pl\/en\/wp-json\/wp\/v2\/media\/4467"}],"wp:attachment":[{"href":"https:\/\/audio.spmediadlaciebie.pl\/en\/wp-json\/wp\/v2\/media?parent=4914"}],"wp:term":[{"taxonomy":"product_cat","embeddable":true,"href":"https:\/\/audio.spmediadlaciebie.pl\/en\/wp-json\/wp\/v2\/product_cat?post=4914"},{"taxonomy":"product_tag","embeddable":true,"href":"https:\/\/audio.spmediadlaciebie.pl\/en\/wp-json\/wp\/v2\/product_tag?post=4914"}],"curies":[{"name":"wp","href":"https:\/\/api.w.org\/{rel}","templated":true}]}}