{"id":8425,"date":"2018-08-31T11:56:13","date_gmt":"2018-08-31T09:56:15","guid":{"rendered":"https:\/\/www.fryderykdanielczykstore.com\/?post_type=product&#038;p=8425"},"modified":"2019-12-23T12:53:13","modified_gmt":"2019-12-23T11:53:13","slug":"b-7522-armchair-designed-by-zenon-baczyk-fully-revitalized-check","status":"publish","type":"product","link":"https:\/\/audio.spmediadlaciebie.pl\/en\/product\/b-7522-armchair-designed-by-zenon-baczyk-fully-revitalized-check\/","title":{"rendered":"B-7522 armchair designed by Zenon B\u0105czyk. Fully revitalized. Check"},"content":{"rendered":"<p><strong>B-7522 armchair designed by Zenon B\u0105czyk.<br \/>\n<\/strong><strong>Fully revitalized. Check<br \/>\n<\/strong><\/p>\n<p><strong>\u00a0<\/strong><\/p>\n<p>Made in Swarz\u0119dz Furniture Factories, 1960s.<\/p>\n<p>The state-owned enterprise Swarz\u0119dz Furniture Factories (SFM) was created from the\u00a0 pre-war furniture factories nationalized in 1952. Later, plants in other cities (including Kostrzyn, Pozna\u0144, Ko\u015bcian and Rawicz) joined the factory in Swarz\u0119dz, and the name was changed to the Swarz\u0119dz Furniture Factory. In 1990, the company was privatized, as one of the first in the Third Polish Republic, and renamed as the Swarz\u0119dz Furniture Factories S.A. When the company debuted on the stock exchange in 1991, it had eight factories and employed almost 3,000 people. During 18 years, the share capital initially increased by issuance of shares was gradually squandered in unsuccessful investments (such as the purchase of the Jarocin Furniture Factories). In 2009, a decision was made to close the company.<\/p>\n<p>B-7522 armchair was designed by Zenon B\u0105czyk in the 1960s. It was produced in the Swarz\u0119dz Furniture Factories. Made of beech wood. The chair was disassembled, the wood has been stripped of old varnish coatings, glued, secured with environmentally friendly oil produced from natural Chinese oils. New upholstery, replaced foam, belts, interlining. Handsewn. Fabric of good quality, abrasion resistance of 20,000 rubs. New metal screws. Comfortable, beautiful and practical.<br \/>\nThe cushions are zipped, which means covers can be washed in your household washing machine.<br \/>\nThe iconic armchair model of the PRL era.<\/p>\n<p>The legs of the armchair are &#8220;dressed&#8221; in warm, Christmas socks.<\/p>\n<p><strong>\u00a0<\/strong><\/p>\n<p><strong>TECHNICAL DATA:<\/strong><\/p>\n<p>&#8211; height: 73 cm<br \/>\n&#8211; width: 68 cm<br \/>\n&#8211; seat width: 55 cm<br \/>\n&#8211; seat depth: 54 cm<br \/>\n&#8211; seat height: 41 cm<br \/>\n&#8211; year of production: 1960s<\/p>\n","protected":false},"excerpt":{"rendered":"<h5>B-7522 armchair designed by Zenon B\u0105czyk. Calipso.<br \/>\nFully revitalized. Made in the Swarz\u0119dz Furniture Factories, 1960s.<\/h5>\n","protected":false},"featured_media":8427,"template":"","meta":{"_exactmetrics_skip_tracking":false,"_exactmetrics_sitenote_active":false,"_exactmetrics_sitenote_note":"","_exactmetrics_sitenote_category":0},"product_cat":[223],"product_tag":[241,257,258,256,232,238,244,242,270],"aioseo_notices":[],"_links":{"self":[{"href":"https:\/\/audio.spmediadlaciebie.pl\/en\/wp-json\/wp\/v2\/product\/8425"}],"collection":[{"href":"https:\/\/audio.spmediadlaciebie.pl\/en\/wp-json\/wp\/v2\/product"}],"about":[{"href":"https:\/\/audio.spmediadlaciebie.pl\/en\/wp-json\/wp\/v2\/types\/product"}],"wp:featuredmedia":[{"embeddable":true,"href":"https:\/\/audio.spmediadlaciebie.pl\/en\/wp-json\/wp\/v2\/media\/8427"}],"wp:attachment":[{"href":"https:\/\/audio.spmediadlaciebie.pl\/en\/wp-json\/wp\/v2\/media?parent=8425"}],"wp:term":[{"taxonomy":"product_cat","embeddable":true,"href":"https:\/\/audio.spmediadlaciebie.pl\/en\/wp-json\/wp\/v2\/product_cat?post=8425"},{"taxonomy":"product_tag","embeddable":true,"href":"https:\/\/audio.spmediadlaciebie.pl\/en\/wp-json\/wp\/v2\/product_tag?post=8425"}],"curies":[{"name":"wp","href":"https:\/\/api.w.org\/{rel}","templated":true}]}}